{"id":99,"date":"2024-11-29T16:18:00","date_gmt":"2024-11-29T15:18:00","guid":{"rendered":"https:\/\/lilianversange.com\/?page_id=99"},"modified":"2025-12-16T11:34:42","modified_gmt":"2025-12-16T10:34:42","slug":"spectacle","status":"publish","type":"page","link":"https:\/\/lilianversange.com\/","title":{"rendered":"Sapiens Sapiens"},"content":{"rendered":"\n<figure class=\"wp-block-image size-large\"><img loading=\"lazy\" decoding=\"async\" width=\"750\" height=\"1024\" src=\"https:\/\/lilianversange.com\/wp-content\/uploads\/2025\/09\/Affiche-rentree-texte-light-1-750x1024.png\" alt=\"\" class=\"wp-image-168\" srcset=\"https:\/\/lilianversange.com\/wp-content\/uploads\/2025\/09\/Affiche-rentree-texte-light-1-750x1024.png 750w, https:\/\/lilianversange.com\/wp-content\/uploads\/2025\/09\/Affiche-rentree-texte-light-1-220x300.png 220w, https:\/\/lilianversange.com\/wp-content\/uploads\/2025\/09\/Affiche-rentree-texte-light-1-768x1049.png 768w, https:\/\/lilianversange.com\/wp-content\/uploads\/2025\/09\/Affiche-rentree-texte-light-1.png 898w\" sizes=\"auto, (max-width: 750px) 100vw, 750px\" \/><\/figure>\n\n\n\n<p>Sapiens Sapiens est un spectacle de stand up sur nous et notre soci\u00e9t\u00e9 dite \u201cmoderne\u201d.<\/p>\n\n\n\n<p>Sapiens Sapiens, c\u2019est le nom que s\u2019est donn\u00e9e notre esp\u00e8ce.<br>Un nom qui veut dire \u201csage\u201d, deux fois. Modeste\u2026<\/p>\n\n\n\n<p>Nous avons beaucoup \u00e9volu\u00e9 depuis la pr\u00e9histoire, est-ce forc\u00e9ment dans le bon sens ? Avant, ils \u00e9taient peinards, alors qu\u2019aujourd\u2019hui, on est stress\u00e9s\u2026 Sapiens Sapiens ???<\/p>\n\n\n\n<p>C&#8217;est de l&#8217;humour \u00e9colo un peu noir : sur un nuancier, on est entre le vert bouteille et le vert empire, mais en mieux.<br>C\u2019est parfois acide comme du vinaigre balsamique, et aussi tendre comme de la mozzarella.<\/p>\n\n\n\n<p>Je tape dans la fourmili\u00e8re, \u00e7a oui, mais pas trop fort parce que j\u2019aime bien les insectes.<\/p>\n\n\n\n<p>Dur\u00e9e : 1h<\/p>\n\n\n\n<p>Tout public \u00e0 partir de 12 ans<\/p>\n\n\n\n<figure class=\"wp-block-embed is-type-video is-provider-youtube wp-block-embed-youtube wp-embed-aspect-16-9 wp-has-aspect-ratio\"><div class=\"wp-block-embed__wrapper\">\n<iframe loading=\"lazy\" title=\"Sapiens Sapiens - extrait &quot;Sapiens Sapiens&quot;\" width=\"580\" height=\"326\" src=\"https:\/\/www.youtube.com\/embed\/vG2SBbWo0fk?feature=oembed\" frameborder=\"0\" allow=\"accelerometer; autoplay; clipboard-write; encrypted-media; gyroscope; picture-in-picture; web-share\" referrerpolicy=\"strict-origin-when-cross-origin\" allowfullscreen><\/iframe>\n<\/div><\/figure>\n\n\n\n<figure class=\"wp-block-embed is-type-video is-provider-youtube wp-block-embed-youtube wp-embed-aspect-4-3 wp-has-aspect-ratio\"><div class=\"wp-block-embed__wrapper\">\n<iframe loading=\"lazy\" title=\"To be or not to be bobo ?\" width=\"580\" height=\"435\" src=\"https:\/\/www.youtube.com\/embed\/X49_yGurn2o?feature=oembed\" frameborder=\"0\" allow=\"accelerometer; autoplay; clipboard-write; encrypted-media; gyroscope; picture-in-picture; web-share\" referrerpolicy=\"strict-origin-when-cross-origin\" allowfullscreen><\/iframe>\n<\/div><\/figure>\n\n\n\n<h2 class=\"wp-block-heading\">Les prochaines dates<\/h2>\n\n\n\n<p>Partie en reconstruction<\/p>\n","protected":false},"excerpt":{"rendered":"<p>Sapiens Sapiens est un spectacle de stand up sur nous et notre soci\u00e9t\u00e9 dite \u201cmoderne\u201d. Sapiens Sapiens, c\u2019est le nom que s\u2019est donn\u00e9e notre esp\u00e8ce.Un nom qui veut dire \u201csage\u201d, deux fois. Modeste\u2026 Nous avons beaucoup \u00e9volu\u00e9 depuis la pr\u00e9histoire, est-ce forc\u00e9ment dans le bon sens ? Avant, ils \u00e9taient peinards, alors qu\u2019aujourd\u2019hui, on est [&hellip;]<\/p>\n","protected":false},"author":2,"featured_media":0,"parent":0,"menu_order":0,"comment_status":"closed","ping_status":"closed","template":"","meta":{"footnotes":""},"class_list":["post-99","page","type-page","status-publish","hentry"],"_links":{"self":[{"href":"https:\/\/lilianversange.com\/index.php\/wp-json\/wp\/v2\/pages\/99","targetHints":{"allow":["GET"]}}],"collection":[{"href":"https:\/\/lilianversange.com\/index.php\/wp-json\/wp\/v2\/pages"}],"about":[{"href":"https:\/\/lilianversange.com\/index.php\/wp-json\/wp\/v2\/types\/page"}],"author":[{"embeddable":true,"href":"https:\/\/lilianversange.com\/index.php\/wp-json\/wp\/v2\/users\/2"}],"replies":[{"embeddable":true,"href":"https:\/\/lilianversange.com\/index.php\/wp-json\/wp\/v2\/comments?post=99"}],"version-history":[{"count":23,"href":"https:\/\/lilianversange.com\/index.php\/wp-json\/wp\/v2\/pages\/99\/revisions"}],"predecessor-version":[{"id":180,"href":"https:\/\/lilianversange.com\/index.php\/wp-json\/wp\/v2\/pages\/99\/revisions\/180"}],"wp:attachment":[{"href":"https:\/\/lilianversange.com\/index.php\/wp-json\/wp\/v2\/media?parent=99"}],"curies":[{"name":"wp","href":"https:\/\/api.w.org\/{rel}","templated":true}]}}